{"id":234,"date":"2024-07-16T08:33:31","date_gmt":"2024-07-16T07:33:31","guid":{"rendered":"https:\/\/tcpont.fr\/?page_id=234"},"modified":"2024-07-18T09:55:59","modified_gmt":"2024-07-18T08:55:59","slug":"le-club","status":"publish","type":"page","link":"https:\/\/tcpont.fr\/accueil\/accueil\/le-club\/","title":{"rendered":"Le Club"},"content":{"rendered":"\n<h2 class=\"wp-block-heading\"><\/h2>\n\n\n\n<p>.<\/p>\n\n\n\n<p class=\"has-theme-palette-9-color has-theme-palette-1-background-color has-text-color has-background has-link-color wp-elements-a5bf6426884f63f37bb53079eaf04ae8\">Club situ\u00e9 en plein c\u0153ur de ville \u00e0 Pont-Sainte-Maxence alliant esprit familial et comp\u00e9tition. <br>Le TC Pont vous accueille d\u00e8s l&rsquo;\u00e2ge de 4 ans pour profiter de ce sport exceptionnel qu&rsquo;est le tennis.<br>&nbsp;<br>Curieux, novices ou confirm\u00e9s, c&rsquo;est l&rsquo;occasion pour vous de venir d\u00e9couvrir nos infrastructures et recueillir aupr\u00e8s de notre \u00e9quipe b\u00e9n\u00e9vole toutes les informations dont vous avez besoin&nbsp;pour profiter au mieux de cette activit\u00e9 que nous partageons&nbsp;ensemble.<br>&nbsp;<br>Le club est ouvert tous les jours sauf le dimanche, hors match ou tournoi.<br>Pour toute demande d&rsquo;informations ou r\u00e9servation, contactez nous au <strong><strong>03.44.62.16.88<\/strong><\/strong> ou par mail sur tcpont@free.fr<br>&nbsp;<br>Pour rester inform\u00e9s, rejoignez-nous \u00e9galement sur notre page Facebook :&nbsp;https:\/\/<strong>www.facebook.com\/tcpont.stemaxence<\/strong><\/p>\n","protected":false},"excerpt":{"rendered":"<p>. Club situ\u00e9 en plein c\u0153ur de ville \u00e0 Pont-Sainte-Maxence alliant esprit familial et comp\u00e9tition. Le TC Pont vous accueille d\u00e8s l&rsquo;\u00e2ge de 4 ans pour profiter de ce sport exceptionnel qu&rsquo;est le tennis.&nbsp;Curieux, novices ou confirm\u00e9s, c&rsquo;est l&rsquo;occasion pour vous de venir d\u00e9couvrir nos infrastructures et recueillir aupr\u00e8s de notre \u00e9quipe b\u00e9n\u00e9vole toutes les&#8230;<\/p>\n","protected":false},"author":1,"featured_media":235,"parent":0,"menu_order":0,"comment_status":"closed","ping_status":"closed","template":"","meta":{"_kad_post_transparent":"default","_kad_post_title":"hide","_kad_post_layout":"","_kad_post_sidebar_id":"","_kad_post_content_style":"","_kad_post_vertical_padding":"","_kad_post_feature":"","_kad_post_feature_position":"","_kad_post_header":false,"_kad_post_footer":false,"_kad_post_classname":"","footnotes":""},"class_list":["post-234","page","type-page","status-publish","has-post-thumbnail","hentry"],"_links":{"self":[{"href":"https:\/\/tcpont.fr\/accueil\/accueil\/wp-json\/wp\/v2\/pages\/234","targetHints":{"allow":["GET"]}}],"collection":[{"href":"https:\/\/tcpont.fr\/accueil\/accueil\/wp-json\/wp\/v2\/pages"}],"about":[{"href":"https:\/\/tcpont.fr\/accueil\/accueil\/wp-json\/wp\/v2\/types\/page"}],"author":[{"embeddable":true,"href":"https:\/\/tcpont.fr\/accueil\/accueil\/wp-json\/wp\/v2\/users\/1"}],"replies":[{"embeddable":true,"href":"https:\/\/tcpont.fr\/accueil\/accueil\/wp-json\/wp\/v2\/comments?post=234"}],"version-history":[{"count":6,"href":"https:\/\/tcpont.fr\/accueil\/accueil\/wp-json\/wp\/v2\/pages\/234\/revisions"}],"predecessor-version":[{"id":640,"href":"https:\/\/tcpont.fr\/accueil\/accueil\/wp-json\/wp\/v2\/pages\/234\/revisions\/640"}],"wp:featuredmedia":[{"embeddable":true,"href":"https:\/\/tcpont.fr\/accueil\/accueil\/wp-json\/wp\/v2\/media\/235"}],"wp:attachment":[{"href":"https:\/\/tcpont.fr\/accueil\/accueil\/wp-json\/wp\/v2\/media?parent=234"}],"curies":[{"name":"wp","href":"https:\/\/api.w.org\/{rel}","templated":true}]}}